{"id":974,"date":"2018-04-02T22:23:40","date_gmt":"2018-04-03T02:23:40","guid":{"rendered":"http:\/\/wenergysolar.com\/?page_id=974"},"modified":"2018-04-02T22:39:05","modified_gmt":"2018-04-03T02:39:05","slug":"acerca-de-nosotros","status":"publish","type":"page","link":"https:\/\/wenergysolar.com\/?page_id=974","title":{"rendered":"Acerca de Nosotros"},"content":{"rendered":"<div id=\"pl-974\"  class=\"panel-layout\" >\n<div id=\"pg-974-0\"  class=\"panel-grid panel-has-style\"  data-style=\"{&quot;padding&quot;:&quot;0px&quot;,&quot;background_display&quot;:&quot;tile&quot;,&quot;bottom_margin&quot;:&quot;5px&quot;,&quot;gutter&quot;:&quot;0px&quot;,&quot;row_stretch&quot;:&quot;full&quot;,&quot;cell_alignment&quot;:&quot;center&quot;,&quot;align&quot;:&quot;&quot;,&quot;column_padding&quot;:&quot;&quot;}\"  data-ratio=\"1\"  data-ratio-direction=\"right\" >\n<div class=\"siteorigin-panels-stretch rocked-stretch panel-row-style panel-row-style-for-974-0\" style=\"padding: 0px 0; \" data-stretch-type=\"full\" >\n<div id=\"pgc-974-0-0\"  class=\"panel-grid-cell\"  data-weight=\"1\" >\n<div id=\"panel-974-0-0-0\" class=\"so-panel widget widget_sow-editor panel-first-child\" data-index=\"0\" data-style=\"{&quot;padding&quot;:&quot;0px 0px 0px 0px&quot;,&quot;background_display&quot;:&quot;tile&quot;}\" >\n<div class=\"panel-widget-style panel-widget-style-for-974-0-0-0\" >\n<div class=\"so-widget-sow-editor so-widget-sow-editor-base\">\n<h3 class=\"widget-title\">Lo que somos<\/h3>\n<div class=\"siteorigin-widget-tinymce textwidget\">\n<p>WENERGY en Rep\u00fablica Dominicana est\u00e1 compuesto por un grupo de personas procedentes de varias \u00e1reas tecnol\u00f3gicas, con vasta experiencia en manejo de proyectos de energ\u00eda renovable y construcci\u00f3n sostenible.<\/p>\n<p>Nuestra misi\u00f3n es hacer a nuestros clientes los m\u00e1s productivos a trav\u00e9s de soluciones de energ\u00eda renovable y tecnolog\u00eda asequible.<\/p>\n<p>No se trata de equipos o instalaciones, sino de poner energ\u00eda a disposici\u00f3n de nuestros clientes para que puedan aprovechar las ventajas de las fuentes renovables, las tecnolog\u00edas favorables y contribuyan a mejorar el medio ambiente.<\/p>\n<\/div>\n<\/div>\n<\/div>\n<\/div>\n<div id=\"panel-974-0-0-1\" class=\"so-panel widget widget_sow-editor panel-last-child\" data-index=\"1\" data-style=\"{&quot;background_image_attachment&quot;:false,&quot;background_display&quot;:&quot;tile&quot;}\" >\n<div class=\"so-widget-sow-editor so-widget-sow-editor-base\">\n<h3 class=\"widget-title\">Nuestra Estrategia<\/h3>\n<div class=\"siteorigin-widget-tinymce textwidget\">\n<p>Nuestra estrategia est\u00e1 en la energ\u00eda, asegurarnos que nuestros clientes y colaboradores obtengan la energ\u00eda correspondiente a cada centavo invertido. Sin contratiempos, sin excusas. &#8220;We Are Solar, We Are Energy&#8221;.<\/p>\n<p>&nbsp;<\/p>\n<\/div>\n<\/div>\n<\/div>\n<\/div>\n<\/div>\n<\/div>\n<\/div>\n","protected":false},"excerpt":{"rendered":"<p>Lo que somos WENERGY en Rep\u00fablica Dominicana est\u00e1 compuesto por un grupo de personas procedentes de varias \u00e1reas tecnol\u00f3gicas, con vasta experiencia en manejo de proyectos de energ\u00eda renovable y construcci\u00f3n sostenible. Nuestra misi\u00f3n es hacer a nuestros clientes los m\u00e1s productivos a trav\u00e9s de soluciones de energ\u00eda renovable y tecnolog\u00eda asequible. No se trata [&hellip;]<\/p>\n","protected":false},"author":1,"featured_media":0,"parent":0,"menu_order":0,"comment_status":"closed","ping_status":"closed","template":"","meta":{"footnotes":""},"class_list":["post-974","page","type-page","status-publish","hentry"],"_links":{"self":[{"href":"https:\/\/wenergysolar.com\/index.php?rest_route=\/wp\/v2\/pages\/974","targetHints":{"allow":["GET"]}}],"collection":[{"href":"https:\/\/wenergysolar.com\/index.php?rest_route=\/wp\/v2\/pages"}],"about":[{"href":"https:\/\/wenergysolar.com\/index.php?rest_route=\/wp\/v2\/types\/page"}],"author":[{"embeddable":true,"href":"https:\/\/wenergysolar.com\/index.php?rest_route=\/wp\/v2\/users\/1"}],"replies":[{"embeddable":true,"href":"https:\/\/wenergysolar.com\/index.php?rest_route=%2Fwp%2Fv2%2Fcomments&post=974"}],"version-history":[{"count":27,"href":"https:\/\/wenergysolar.com\/index.php?rest_route=\/wp\/v2\/pages\/974\/revisions"}],"predecessor-version":[{"id":1003,"href":"https:\/\/wenergysolar.com\/index.php?rest_route=\/wp\/v2\/pages\/974\/revisions\/1003"}],"wp:attachment":[{"href":"https:\/\/wenergysolar.com\/index.php?rest_route=%2Fwp%2Fv2%2Fmedia&parent=974"}],"curies":[{"name":"wp","href":"https:\/\/api.w.org\/{rel}","templated":true}]}}