{"id":509,"date":"2018-03-23T00:28:39","date_gmt":"2018-03-23T00:28:39","guid":{"rendered":"http:\/\/wenergysolar.com\/?page_id=509"},"modified":"2018-04-03T20:28:21","modified_gmt":"2018-04-04T00:28:21","slug":"my-front-page","status":"publish","type":"page","link":"https:\/\/wenergysolar.com\/","title":{"rendered":""},"content":{"rendered":"<div id=\"pl-509\"  class=\"panel-layout\" >\n<div id=\"pg-509-0\"  class=\"panel-grid panel-has-style\"  data-style=\"{&quot;padding&quot;:&quot;-100px&quot;,&quot;background_display&quot;:&quot;tile&quot;,&quot;row_stretch&quot;:&quot;full-stretched&quot;,&quot;cell_alignment&quot;:&quot;flex-start&quot;,&quot;align&quot;:true,&quot;column_padding&quot;:&quot;&quot;}\" >\n<div class=\"siteorigin-panels-stretch rocked-stretch panel-row-style panel-row-style-for-509-0\" style=\"text-align: center;padding: -100px 0; \" data-stretch-type=\"full-stretched\" >\n<div id=\"pgc-509-0-0\"  class=\"panel-grid-cell\"  data-weight=\"1\" >\n<div id=\"panel-509-0-0-0\" class=\"so-panel widget widget_rocked_services_type_a rocked_services_widget panel-first-child panel-last-child\" data-index=\"0\" data-style=\"{&quot;background_image_attachment&quot;:false,&quot;background_display&quot;:&quot;tile&quot;}\" ><\/div>\n<\/div>\n<\/div>\n<\/div>\n<div id=\"pg-509-1\"  class=\"panel-grid panel-has-style\"  data-style=\"{&quot;background_display&quot;:&quot;center&quot;,&quot;row_stretch&quot;:&quot;full-stretched&quot;,&quot;cell_alignment&quot;:&quot;flex-start&quot;,&quot;align&quot;:true,&quot;background_image&quot;:&quot;537&quot;,&quot;column_padding&quot;:&quot;&quot;}\"  data-ratio=\"1\"  data-ratio-direction=\"right\" >\n<div class=\"siteorigin-panels-stretch parallax rocked-stretch panel-row-style panel-row-style-for-509-1\" style=\"text-align: center;background-image: url(http:\/\/wenergysolar.com\/wp-content\/uploads\/2018\/03\/Row-image2.jpg);padding: 100px 0; \" data-stretch-type=\"full-stretched\" data-hasbg=\"hasbg\" >\n<div id=\"pgc-509-1-0\"  class=\"panel-grid-cell\"  data-weight=\"0.40933174440443\" >\n<div id=\"panel-509-1-0-0\" class=\"so-panel widget widget_text panel-first-child panel-last-child\" data-index=\"1\" data-style=\"{&quot;background_display&quot;:&quot;tile&quot;,&quot;font_color&quot;:&quot;#ffffff&quot;}\" >\n<div class=\"panel-widget-style panel-widget-style-for-509-1-0-0\" >\n<h3 class=\"widget-title\">PROGRAMA ENERGIA GARANTIZADA<\/h3>\n<div class=\"textwidget\">\n<p>WENERGY SOLAR, es el \u00fanico que provee un Programa Especial de Energ\u00eda Garantizada, ent\u00e9rese c\u00f3mo puede beneficiarse viendo el video<\/p>\n<\/div><\/div>\n<\/div>\n<\/div>\n<div id=\"pgc-509-1-1\"  class=\"panel-grid-cell\"  data-weight=\"0.59066825559557\" >\n<div id=\"panel-509-1-1-0\" class=\"so-panel widget widget_rocked_video_widget rocked_video_widget_widget panel-first-child panel-last-child\" data-index=\"2\" data-style=\"{&quot;background_display&quot;:&quot;tile&quot;}\" ><\/div>\n<\/div>\n<\/div>\n<\/div>\n<div id=\"pg-509-2\"  class=\"panel-grid panel-has-style\"  data-style=\"{&quot;background_display&quot;:&quot;tile&quot;,&quot;row_stretch&quot;:&quot;full-stretched&quot;,&quot;cell_alignment&quot;:&quot;flex-start&quot;,&quot;align&quot;:&quot;&quot;,&quot;column_padding&quot;:&quot;&quot;}\"  data-ratio=\"1\"  data-ratio-direction=\"right\" >\n<div class=\"siteorigin-panels-stretch rocked-stretch panel-row-style panel-row-style-for-509-2\" style=\"padding: 100px 0; \" data-stretch-type=\"full-stretched\" >\n<div id=\"pgc-509-2-0\"  class=\"panel-grid-cell\"  data-weight=\"1\" >\n<div id=\"panel-509-2-0-0\" class=\"so-panel widget widget_text panel-first-child panel-last-child\" data-index=\"3\" data-style=\"{&quot;background_display&quot;:&quot;tile&quot;}\" >\n<h3 class=\"widget-title\">NUESTROS COLABORADORES<\/h3>\n<div class=\"textwidget\">\n<pre><code><div class=\"gs_logo_container\"><div class=\"gs_logo_single\"><img decoding=\"async\" src=\"http:\/\/wenergysolar.com\/wp-content\/uploads\/2018\/03\/logo-ja-solar2.png\" alt=\"\" ><h3 class=\"gs_logo_title\">JASOLAR<\/h3><\/div><div class=\"gs_logo_single\"><img decoding=\"async\" src=\"http:\/\/wenergysolar.com\/wp-content\/uploads\/2018\/03\/logo-CNE-1.png\" alt=\"\" ><h3 class=\"gs_logo_title\">CNE<\/h3><\/div><div class=\"gs_logo_single\"><img decoding=\"async\" src=\"http:\/\/wenergysolar.com\/wp-content\/uploads\/2018\/03\/Axitex-Solar.png\" alt=\"\" ><h3 class=\"gs_logo_title\">Axitec<\/h3><\/div><div class=\"gs_logo_single\"><img decoding=\"async\" src=\"http:\/\/wenergysolar.com\/wp-content\/uploads\/2018\/03\/logo_SMA-1.jpg\" alt=\"\" ><h3 class=\"gs_logo_title\">SMA<\/h3><\/div><div class=\"gs_logo_single\"><img decoding=\"async\" src=\"http:\/\/wenergysolar.com\/wp-content\/uploads\/2018\/03\/logo-schletter.jpg\" alt=\"\" ><h3 class=\"gs_logo_title\">Schletter<\/h3><\/div><div class=\"gs_logo_single\"><img decoding=\"async\" src=\"http:\/\/wenergysolar.com\/wp-content\/uploads\/2018\/03\/logo-dgii.jpg\" alt=\"\" ><h3 class=\"gs_logo_title\">DGII<\/h3><\/div><div class=\"gs_logo_single\"><img decoding=\"async\" src=\"http:\/\/wenergysolar.com\/wp-content\/uploads\/2018\/03\/hitachi.jpg\" alt=\"\" ><h3 class=\"gs_logo_title\">HITACHI<\/h3><\/div><div class=\"gs_logo_single\"><img decoding=\"async\" src=\"http:\/\/wenergysolar.com\/wp-content\/uploads\/2018\/03\/Enphase-Logo-625x360-1.jpg\" alt=\"\" ><h3 class=\"gs_logo_title\">ENPHASE<\/h3><\/div><div class=\"gs_logo_single\"><img decoding=\"async\" src=\"http:\/\/wenergysolar.com\/wp-content\/uploads\/2018\/03\/yaskawa-logo.png\" alt=\"\" ><h3 class=\"gs_logo_title\">YASKAWA<\/h3><\/div><div class=\"gs_logo_single\"><img decoding=\"async\" src=\"http:\/\/wenergysolar.com\/wp-content\/uploads\/2018\/03\/unirac.jpg\" alt=\"\" ><h3 class=\"gs_logo_title\">UNIRAC<\/h3><\/div><div class=\"gs_logo_single\"><img decoding=\"async\" src=\"http:\/\/wenergysolar.com\/wp-content\/uploads\/2018\/04\/outbackPower.jpg\" alt=\"\" ><h3 class=\"gs_logo_title\">OUTBACK<\/h3><\/div><div class=\"gs_logo_single\"><img decoding=\"async\" src=\"http:\/\/wenergysolar.com\/wp-content\/uploads\/2018\/04\/ABB-logo.jpg\" alt=\"\" ><h3 class=\"gs_logo_title\">ABB<\/h3><\/div><div class=\"gs_logo_single\"><img decoding=\"async\" src=\"http:\/\/wenergysolar.com\/wp-content\/uploads\/2018\/04\/1151-DARFON-Logo.jpg\" alt=\"\" ><h3 class=\"gs_logo_title\">DARFON<\/h3><\/div><div class=\"gs_logo_single\"><img decoding=\"async\" src=\"http:\/\/wenergysolar.com\/wp-content\/uploads\/2018\/04\/pastedImage-e1522676479727.png\" alt=\"\" ><h3 class=\"gs_logo_title\">CONSTRUELCI<\/h3><\/div><\/div><\/code><\/pre>\n<\/div><\/div>\n<\/div>\n<\/div>\n<\/div>\n<div id=\"pg-509-3\"  class=\"panel-grid panel-has-style\"  data-style=\"{&quot;background_display&quot;:&quot;tile&quot;,&quot;row_stretch&quot;:&quot;full-stretched&quot;,&quot;cell_alignment&quot;:&quot;flex-start&quot;,&quot;align&quot;:&quot;&quot;,&quot;color&quot;:&quot;#ffffff&quot;,&quot;background_image&quot;:&quot;385&quot;,&quot;column_padding&quot;:&quot;&quot;}\"  data-ratio=\"1\"  data-ratio-direction=\"right\" >\n<div class=\"siteorigin-panels-stretch parallax rocked-stretch panel-row-style panel-row-style-for-509-3\" style=\"color: #ffffff;background-image: url(http:\/\/wenergysolar.com\/wp-content\/uploads\/2018\/03\/sidebar3.jpg);padding: 100px 0; \" data-stretch-type=\"full-stretched\" data-hascolor=\"hascolor\" data-hasbg=\"hasbg\" >\n<div id=\"pgc-509-3-0\"  class=\"panel-grid-cell\"  data-weight=\"1\" >\n<div id=\"panel-509-3-0-0\" class=\"so-panel widget widget_fp_social panel-first-child panel-last-child\" data-index=\"4\" data-style=\"{&quot;background_display&quot;:&quot;tile&quot;,&quot;font_color&quot;:&quot;#ffffff&quot;,&quot;link_color&quot;:&quot;#ffffff&quot;}\" >\n<div class=\"panel-widget-style panel-widget-style-for-509-3-0-0\" ><\/div>\n<\/div>\n<\/div>\n<\/div>\n<\/div>\n<\/div>\n","protected":false},"excerpt":{"rendered":"<p>PROGRAMA ENERGIA GARANTIZADA WENERGY SOLAR, es el \u00fanico que provee un Programa Especial de Energ\u00eda Garantizada, ent\u00e9rese c\u00f3mo puede beneficiarse viendo el video NUESTROS COLABORADORES JASOLARCNEAxitecSMASchletterDGIIHITACHIENPHASEYASKAWAUNIRACOUTBACKABBDARFONCONSTRUELCI<\/p>\n","protected":false},"author":1,"featured_media":0,"parent":0,"menu_order":0,"comment_status":"closed","ping_status":"closed","template":"","meta":{"footnotes":""},"class_list":["post-509","page","type-page","status-publish","hentry"],"_links":{"self":[{"href":"https:\/\/wenergysolar.com\/index.php?rest_route=\/wp\/v2\/pages\/509","targetHints":{"allow":["GET"]}}],"collection":[{"href":"https:\/\/wenergysolar.com\/index.php?rest_route=\/wp\/v2\/pages"}],"about":[{"href":"https:\/\/wenergysolar.com\/index.php?rest_route=\/wp\/v2\/types\/page"}],"author":[{"embeddable":true,"href":"https:\/\/wenergysolar.com\/index.php?rest_route=\/wp\/v2\/users\/1"}],"replies":[{"embeddable":true,"href":"https:\/\/wenergysolar.com\/index.php?rest_route=%2Fwp%2Fv2%2Fcomments&post=509"}],"version-history":[{"count":58,"href":"https:\/\/wenergysolar.com\/index.php?rest_route=\/wp\/v2\/pages\/509\/revisions"}],"predecessor-version":[{"id":1264,"href":"https:\/\/wenergysolar.com\/index.php?rest_route=\/wp\/v2\/pages\/509\/revisions\/1264"}],"wp:attachment":[{"href":"https:\/\/wenergysolar.com\/index.php?rest_route=%2Fwp%2Fv2%2Fmedia&parent=509"}],"curies":[{"name":"wp","href":"https:\/\/api.w.org\/{rel}","templated":true}]}}