{"id":1004,"date":"2018-04-02T22:51:21","date_gmt":"2018-04-03T02:51:21","guid":{"rendered":"http:\/\/wenergysolar.com\/?page_id=1004"},"modified":"2018-04-03T00:18:37","modified_gmt":"2018-04-03T04:18:37","slug":"luminarias","status":"publish","type":"page","link":"https:\/\/wenergysolar.com\/?page_id=1004","title":{"rendered":"Luminarias"},"content":{"rendered":"<div id=\"pl-1004\"  class=\"panel-layout\" >\n<div id=\"pg-1004-0\"  class=\"panel-grid panel-has-style\"  data-style=\"{&quot;padding&quot;:&quot;5px&quot;,&quot;background_display&quot;:&quot;tile&quot;,&quot;row_stretch&quot;:&quot;full-stretched&quot;,&quot;cell_alignment&quot;:&quot;flex-start&quot;,&quot;align&quot;:true,&quot;background_image&quot;:&quot;1007&quot;,&quot;column_padding&quot;:&quot;&quot;}\"  data-ratio=\"1\"  data-ratio-direction=\"right\" >\n<div class=\"siteorigin-panels-stretch parallax rocked-stretch panel-row-style panel-row-style-for-1004-0\" style=\"text-align: center;background-image: url(http:\/\/wenergysolar.com\/wp-content\/uploads\/2018\/04\/led-almacen-e1522724182475.jpg);padding: 5px 0; \" data-stretch-type=\"full-stretched\" data-hasbg=\"hasbg\" >\n<div id=\"pgc-1004-0-0\"  class=\"panel-grid-cell\"  data-weight=\"1\" >\n<div id=\"panel-1004-0-0-0\" class=\"so-panel widget widget_sow-editor panel-first-child panel-last-child\" data-index=\"0\" data-style=\"{&quot;widget_css&quot;:&quot;{\\n    text-align: center;\\n}\\n&quot;,&quot;background_display&quot;:&quot;tile&quot;}\" >\n<div class=\"so-widget-sow-editor so-widget-sow-editor-base\">\n<h3 class=\"widget-title\">Los proyectos WENERGY LEDminarias incluyen:<\/h3>\n<div class=\"siteorigin-widget-tinymce textwidget\">\n<h5><span style=\"color: #f2f2f2;\">&#8211; Dise\u00f1o de ingenier\u00eda eficiente para mejorar uso\/consumo y relaci\u00f3n lumen\/watt<\/span><\/h5>\n<h5><span style=\"color: #f2f2f2;\">&#8211; Mas de 160 lumens por watt en cada luminaria.<\/span><\/h5>\n<h5><span style=\"color: #f2f2f2;\">&#8211; Todos los controles DALI\/DMX* y accesorios.<\/span><\/h5>\n<h5><span style=\"color: #f2f2f2;\">&#8211; Hasta 5 a\u00f1os de garant\u00eda en las luminarias.<\/span><\/h5>\n<h5><span style=\"color: #f2f2f2;\">&#8211; Aplica Financiamiento (v\u00eda instituci\u00f3n bancaria)<\/span><\/h5>\n<\/div>\n<\/div>\n<\/div>\n<\/div>\n<\/div>\n<\/div>\n<div id=\"pg-1004-1\"  class=\"panel-grid panel-has-style\"  data-style=\"{&quot;padding&quot;:&quot;10px&quot;,&quot;background_display&quot;:&quot;tile&quot;,&quot;bottom_margin&quot;:&quot;10px&quot;,&quot;row_stretch&quot;:&quot;full-stretched&quot;,&quot;cell_alignment&quot;:&quot;flex-start&quot;,&quot;align&quot;:true,&quot;column_padding&quot;:&quot;&quot;}\"  data-ratio=\"1\"  data-ratio-direction=\"right\" >\n<div class=\"siteorigin-panels-stretch rocked-stretch panel-row-style panel-row-style-for-1004-1\" style=\"text-align: center;padding: 10px 0; \" data-stretch-type=\"full-stretched\" >\n<div id=\"pgc-1004-1-0\"  class=\"panel-grid-cell\"  data-weight=\"1\" >\n<div id=\"panel-1004-1-0-0\" class=\"so-panel widget widget_sow-headline panel-first-child\" data-index=\"1\" data-style=\"{&quot;background_display&quot;:&quot;tile&quot;}\" ><div class=\"so-widget-sow-headline so-widget-sow-headline-default-d41857c6b233\"><div class=\"sow-headline-container \">\n\t<h4 class='sow-headline'>Catalogo Especializado en Oficinas, Almacenes y Naves<\/h4>\t\t\t\t\t<div class=\"decoration\">\n\t\t\t\t\t\t<div class=\"decoration-inside\"><\/div>\n\t\t\t\t\t<\/div>\n\t\t\t\t\t<\/div><\/div><\/div>\n<div id=\"panel-1004-1-0-1\" class=\"so-panel widget widget_sow-layout-slider panel-last-child\" data-index=\"2\" data-style=\"{&quot;background_display&quot;:&quot;tile&quot;}\" ><div class=\"so-widget-sow-layout-slider so-widget-sow-layout-slider-default-67b9294a109a\"><div class=\"sow-slider-base \" style=\"display: none\"><ul class=\"sow-slider-images\" data-settings=\"{&quot;pagination&quot;:true,&quot;speed&quot;:800,&quot;timeout&quot;:8000,&quot;swipe&quot;:true}\">\t\t<li class=\"sow-slider-image  sow-slider-image-tile\" style=\"background-color: #c2cbd3;background-image: url(https:\/\/wenergysolar.com\/wp-content\/uploads\/2018\/04\/flood-light.png)\" >\r\n\t\t\t\t\t<div class=\"sow-slider-image-container\">\n\t\t\t<div class=\"sow-slider-image-wrapper\">\n\t\t\t\tThis widget requires Page Builder.\t\t\t<\/div>\n\t\t<\/div>\n\t\t\t\t<\/li>\r\n\t\t\t\t<li class=\"sow-slider-image  sow-slider-image-tile\" style=\"background-color: #c2cbd3;background-image: url(https:\/\/wenergysolar.com\/wp-content\/uploads\/2018\/04\/high-bay-light.png)\" >\r\n\t\t\t\t\t<div class=\"sow-slider-image-container\">\n\t\t\t<div class=\"sow-slider-image-wrapper\">\n\t\t\t\tThis widget requires Page Builder.\t\t\t<\/div>\n\t\t<\/div>\n\t\t\t\t<\/li>\r\n\t\t\t\t<li class=\"sow-slider-image  sow-slider-image-tile\" style=\"background-color: #c2cbd3;background-image: url(https:\/\/wenergysolar.com\/wp-content\/uploads\/2018\/04\/led-linear-crop-clean.png)\" >\r\n\t\t\t\t\t<div class=\"sow-slider-image-container\">\n\t\t\t<div class=\"sow-slider-image-wrapper\">\n\t\t\t\tThis widget requires Page Builder.\t\t\t<\/div>\n\t\t<\/div>\n\t\t\t\t<\/li>\r\n\t\t\t\t<li class=\"sow-slider-image  sow-slider-image-tile\" style=\"background-color: #e5fff5;background-image: url(https:\/\/wenergysolar.com\/wp-content\/uploads\/2018\/04\/round-panel-led.png)\" >\r\n\t\t\t\t\t<div class=\"sow-slider-image-container\">\n\t\t\t<div class=\"sow-slider-image-wrapper\">\n\t\t\t\tThis widget requires Page Builder.\t\t\t<\/div>\n\t\t<\/div>\n\t\t\t\t<\/li>\r\n\t\t<\/ul>\t\t\t\t<ol class=\"sow-slider-pagination\">\r\n\t\t\t\t\t\t\t\t\t\t\t<li><a href=\"#\" data-goto=\"0\" aria-label=\"display slide 1\">1<\/a><\/li>\r\n\t\t\t\t\t\t\t\t\t\t\t<li><a href=\"#\" data-goto=\"1\" aria-label=\"display slide 2\">2<\/a><\/li>\r\n\t\t\t\t\t\t\t\t\t\t\t<li><a href=\"#\" data-goto=\"2\" aria-label=\"display slide 3\">3<\/a><\/li>\r\n\t\t\t\t\t\t\t\t\t\t\t<li><a href=\"#\" data-goto=\"3\" aria-label=\"display slide 4\">4<\/a><\/li>\r\n\t\t\t\t\t\t\t\t\t<\/ol>\r\n\r\n\t\t\t\t<div class=\"sow-slide-nav sow-slide-nav-next\">\r\n\t\t\t\t\t<a href=\"#\" data-goto=\"next\" aria-label=\"next slide\" data-action=\"next\">\r\n\t\t\t\t\t\t<em class=\"sow-sld-icon-thin-right\"><\/em>\r\n\t\t\t\t\t<\/a>\r\n\t\t\t\t<\/div>\r\n\r\n\t\t\t\t<div class=\"sow-slide-nav sow-slide-nav-prev\">\r\n\t\t\t\t\t<a href=\"#\" data-goto=\"previous\" aria-label=\"previous slide\" data-action=\"prev\">\r\n\t\t\t\t\t\t<em class=\"sow-sld-icon-thin-left\"><\/em>\r\n\t\t\t\t\t<\/a>\r\n\t\t\t\t<\/div>\r\n\t\t\t\t<\/div><\/div><\/div>\n<\/div>\n<\/div>\n<\/div>\n<div id=\"pg-1004-2\"  class=\"panel-grid panel-has-style\"  data-style=\"{&quot;padding&quot;:&quot;35px&quot;,&quot;background_image_attachment&quot;:false,&quot;background_display&quot;:&quot;tile&quot;,&quot;bottom_margin&quot;:&quot;0px&quot;,&quot;row_stretch&quot;:&quot;full-stretched&quot;,&quot;cell_alignment&quot;:&quot;center&quot;,&quot;align&quot;:true,&quot;color&quot;:&quot;#f9f9f9&quot;,&quot;background_image&quot;:&quot;1125&quot;,&quot;column_padding&quot;:&quot;&quot;}\"  data-ratio=\"1\"  data-ratio-direction=\"right\" >\n<div class=\"siteorigin-panels-stretch parallax rocked-stretch panel-row-style panel-row-style-for-1004-2\" style=\"color: #f9f9f9;text-align: center;background-image: url(http:\/\/wenergysolar.com\/wp-content\/uploads\/2018\/04\/led-office-edited.jpg);padding: 35px 0; \" data-stretch-type=\"full-stretched\" data-hascolor=\"hascolor\" data-hasbg=\"hasbg\" >\n<div id=\"pgc-1004-2-0\"  class=\"panel-grid-cell\"  data-weight=\"0.073897795591182\" >\n<div id=\"panel-1004-2-0-0\" class=\"so-panel widget widget_media_image panel-first-child panel-last-child\" data-index=\"3\" data-style=\"{&quot;background_display&quot;:&quot;tile&quot;}\" ><img loading=\"lazy\" decoding=\"async\" width=\"715\" height=\"252\" src=\"https:\/\/wenergysolar.com\/wp-content\/uploads\/2018\/04\/creed.jpg\" class=\"image wp-image-1069  attachment-full size-full\" alt=\"\" style=\"max-width: 100%; height: auto;\" srcset=\"https:\/\/wenergysolar.com\/wp-content\/uploads\/2018\/04\/creed.jpg 715w, https:\/\/wenergysolar.com\/wp-content\/uploads\/2018\/04\/creed-300x106.jpg 300w, https:\/\/wenergysolar.com\/wp-content\/uploads\/2018\/04\/creed-700x247.jpg 700w, https:\/\/wenergysolar.com\/wp-content\/uploads\/2018\/04\/creed-410x145.jpg 410w, https:\/\/wenergysolar.com\/wp-content\/uploads\/2018\/04\/creed-100x35.jpg 100w, https:\/\/wenergysolar.com\/wp-content\/uploads\/2018\/04\/creed-275x97.jpg 275w\" sizes=\"auto, (max-width: 715px) 100vw, 715px\" \/><\/div>\n<\/div>\n<div id=\"pgc-1004-2-1\"  class=\"panel-grid-cell\"  data-weight=\"0.068887775551102\" >\n<div id=\"panel-1004-2-1-0\" class=\"so-panel widget widget_media_image panel-first-child panel-last-child\" data-index=\"4\" data-style=\"{&quot;background_display&quot;:&quot;tile&quot;}\" ><img loading=\"lazy\" decoding=\"async\" width=\"222\" height=\"227\" src=\"https:\/\/wenergysolar.com\/wp-content\/uploads\/2018\/04\/tuv.png\" class=\"image wp-image-1073  attachment-full size-full\" alt=\"\" style=\"max-width: 100%; height: auto;\" srcset=\"https:\/\/wenergysolar.com\/wp-content\/uploads\/2018\/04\/tuv.png 222w, https:\/\/wenergysolar.com\/wp-content\/uploads\/2018\/04\/tuv-100x102.png 100w\" sizes=\"auto, (max-width: 222px) 100vw, 222px\" \/><\/div>\n<\/div>\n<div id=\"pgc-1004-2-2\"  class=\"panel-grid-cell\"  data-weight=\"0.075901803607214\" >\n<div id=\"panel-1004-2-2-0\" class=\"so-panel widget widget_media_image panel-first-child panel-last-child\" data-index=\"5\" data-style=\"{&quot;background_display&quot;:&quot;tile&quot;}\" ><img loading=\"lazy\" decoding=\"async\" width=\"300\" height=\"252\" src=\"https:\/\/wenergysolar.com\/wp-content\/uploads\/2018\/04\/2000px-FCC_New_Logo.svg_-300x252.png\" class=\"image wp-image-1067  attachment-medium size-medium\" alt=\"\" style=\"max-width: 100%; height: auto;\" srcset=\"https:\/\/wenergysolar.com\/wp-content\/uploads\/2018\/04\/2000px-FCC_New_Logo.svg_-300x252.png 300w, https:\/\/wenergysolar.com\/wp-content\/uploads\/2018\/04\/2000px-FCC_New_Logo.svg_-768x645.png 768w, https:\/\/wenergysolar.com\/wp-content\/uploads\/2018\/04\/2000px-FCC_New_Logo.svg_-1024x860.png 1024w, https:\/\/wenergysolar.com\/wp-content\/uploads\/2018\/04\/2000px-FCC_New_Logo.svg_-700x588.png 700w, https:\/\/wenergysolar.com\/wp-content\/uploads\/2018\/04\/2000px-FCC_New_Logo.svg_-410x344.png 410w, https:\/\/wenergysolar.com\/wp-content\/uploads\/2018\/04\/2000px-FCC_New_Logo.svg_-100x84.png 100w, https:\/\/wenergysolar.com\/wp-content\/uploads\/2018\/04\/2000px-FCC_New_Logo.svg_-275x231.png 275w, https:\/\/wenergysolar.com\/wp-content\/uploads\/2018\/04\/2000px-FCC_New_Logo.svg_.png 2000w\" sizes=\"auto, (max-width: 300px) 100vw, 300px\" \/><\/div>\n<\/div>\n<div id=\"pgc-1004-2-3\"  class=\"panel-grid-cell\"  data-weight=\"0.068887775551102\" >\n<div id=\"panel-1004-2-3-0\" class=\"so-panel widget widget_media_image panel-first-child panel-last-child\" data-index=\"6\" data-style=\"{&quot;background_display&quot;:&quot;tile&quot;}\" ><img loading=\"lazy\" decoding=\"async\" width=\"231\" height=\"300\" src=\"https:\/\/wenergysolar.com\/wp-content\/uploads\/2018\/04\/rohs-compliant-231x300.png\" class=\"image wp-image-1072  attachment-medium size-medium\" alt=\"\" style=\"max-width: 100%; height: auto;\" srcset=\"https:\/\/wenergysolar.com\/wp-content\/uploads\/2018\/04\/rohs-compliant.png 231w, https:\/\/wenergysolar.com\/wp-content\/uploads\/2018\/04\/rohs-compliant-100x130.png 100w\" sizes=\"auto, (max-width: 231px) 100vw, 231px\" \/><\/div>\n<\/div>\n<div id=\"pgc-1004-2-4\"  class=\"panel-grid-cell\"  data-weight=\"0.073897795591182\" >\n<div id=\"panel-1004-2-4-0\" class=\"so-panel widget widget_media_image panel-first-child panel-last-child\" data-index=\"7\" data-style=\"{&quot;background_display&quot;:&quot;tile&quot;}\" ><img loading=\"lazy\" decoding=\"async\" width=\"1200\" height=\"857\" src=\"https:\/\/wenergysolar.com\/wp-content\/uploads\/2018\/04\/comunidad-europea_logo.svg_.png\" class=\"image wp-image-1068  attachment-full size-full\" alt=\"\" style=\"max-width: 100%; height: auto;\" srcset=\"https:\/\/wenergysolar.com\/wp-content\/uploads\/2018\/04\/comunidad-europea_logo.svg_.png 1200w, https:\/\/wenergysolar.com\/wp-content\/uploads\/2018\/04\/comunidad-europea_logo.svg_-300x214.png 300w, https:\/\/wenergysolar.com\/wp-content\/uploads\/2018\/04\/comunidad-europea_logo.svg_-768x548.png 768w, https:\/\/wenergysolar.com\/wp-content\/uploads\/2018\/04\/comunidad-europea_logo.svg_-1024x731.png 1024w, https:\/\/wenergysolar.com\/wp-content\/uploads\/2018\/04\/comunidad-europea_logo.svg_-700x500.png 700w, https:\/\/wenergysolar.com\/wp-content\/uploads\/2018\/04\/comunidad-europea_logo.svg_-410x293.png 410w, https:\/\/wenergysolar.com\/wp-content\/uploads\/2018\/04\/comunidad-europea_logo.svg_-100x71.png 100w, https:\/\/wenergysolar.com\/wp-content\/uploads\/2018\/04\/comunidad-europea_logo.svg_-275x196.png 275w\" sizes=\"auto, (max-width: 1200px) 100vw, 1200px\" \/><\/div>\n<\/div>\n<div id=\"pgc-1004-2-5\"  class=\"panel-grid-cell\"  data-weight=\"0.068887775551102\" >\n<div id=\"panel-1004-2-5-0\" class=\"so-panel widget widget_media_image panel-first-child panel-last-child\" data-index=\"8\" data-style=\"{&quot;background_display&quot;:&quot;tile&quot;}\" ><img loading=\"lazy\" decoding=\"async\" width=\"195\" height=\"195\" src=\"https:\/\/wenergysolar.com\/wp-content\/uploads\/2018\/04\/iso_certified_0.png\" class=\"image wp-image-1071  attachment-full size-full\" alt=\"\" style=\"max-width: 100%; height: auto;\" srcset=\"https:\/\/wenergysolar.com\/wp-content\/uploads\/2018\/04\/iso_certified_0.png 195w, https:\/\/wenergysolar.com\/wp-content\/uploads\/2018\/04\/iso_certified_0-150x150.png 150w, https:\/\/wenergysolar.com\/wp-content\/uploads\/2018\/04\/iso_certified_0-100x100.png 100w\" sizes=\"auto, (max-width: 195px) 100vw, 195px\" \/><\/div>\n<\/div>\n<div id=\"pgc-1004-2-6\"  class=\"panel-grid-cell\"  data-weight=\"0.059368737474952\" >\n<div id=\"panel-1004-2-6-0\" class=\"so-panel widget widget_media_image panel-first-child panel-last-child\" data-index=\"9\" data-style=\"{&quot;background_display&quot;:&quot;tile&quot;}\" ><img loading=\"lazy\" decoding=\"async\" width=\"300\" height=\"300\" src=\"https:\/\/wenergysolar.com\/wp-content\/uploads\/2018\/04\/ico-IP67-300x300.png\" class=\"image wp-image-1070  attachment-medium size-medium\" alt=\"\" style=\"max-width: 100%; height: auto;\" srcset=\"https:\/\/wenergysolar.com\/wp-content\/uploads\/2018\/04\/ico-IP67-300x300.png 300w, https:\/\/wenergysolar.com\/wp-content\/uploads\/2018\/04\/ico-IP67-150x150.png 150w, https:\/\/wenergysolar.com\/wp-content\/uploads\/2018\/04\/ico-IP67-768x768.png 768w, https:\/\/wenergysolar.com\/wp-content\/uploads\/2018\/04\/ico-IP67-700x700.png 700w, https:\/\/wenergysolar.com\/wp-content\/uploads\/2018\/04\/ico-IP67-410x410.png 410w, https:\/\/wenergysolar.com\/wp-content\/uploads\/2018\/04\/ico-IP67-100x100.png 100w, https:\/\/wenergysolar.com\/wp-content\/uploads\/2018\/04\/ico-IP67-275x275.png 275w, https:\/\/wenergysolar.com\/wp-content\/uploads\/2018\/04\/ico-IP67.png 800w\" sizes=\"auto, (max-width: 300px) 100vw, 300px\" \/><\/div>\n<\/div>\n<div id=\"pgc-1004-2-7\"  class=\"panel-grid-cell\"  data-weight=\"0.51027054108217\" >\n<div id=\"panel-1004-2-7-0\" class=\"so-panel widget widget_sow-editor panel-first-child panel-last-child\" data-index=\"10\" data-style=\"{&quot;background_display&quot;:&quot;tile&quot;}\" >\n<div class=\"so-widget-sow-editor so-widget-sow-editor-base\">\n<div class=\"siteorigin-widget-tinymce textwidget\">\n<h5 style=\"text-align: left;\">Productos LED Certificados<\/h5>\n<\/div>\n<\/div>\n<\/div>\n<\/div>\n<\/div>\n<\/div>\n<div id=\"pg-1004-3\"  class=\"panel-grid panel-has-style\"  data-style=\"{&quot;background_display&quot;:&quot;tile&quot;,&quot;row_stretch&quot;:&quot;full-stretched&quot;,&quot;cell_alignment&quot;:&quot;flex-start&quot;,&quot;align&quot;:true,&quot;column_padding&quot;:&quot;&quot;}\"  data-ratio=\"1\"  data-ratio-direction=\"right\" >\n<div class=\"siteorigin-panels-stretch rocked-stretch panel-row-style panel-row-style-for-1004-3\" style=\"text-align: center;padding: 100px 0; \" data-stretch-type=\"full-stretched\" >\n<div id=\"pgc-1004-3-0\"  class=\"panel-grid-cell\"  data-weight=\"1\" >\n<div id=\"panel-1004-3-0-0\" class=\"so-panel widget widget_sow-editor panel-first-child panel-last-child\" data-index=\"11\" data-style=\"{&quot;widget_css&quot;:&quot;{\\n    text-align: center;\\n}\\n&quot;,&quot;padding&quot;:&quot;20px 20px 20px 20px&quot;,&quot;background_display&quot;:&quot;tile&quot;}\" >\n<div class=\"panel-widget-style panel-widget-style-for-1004-3-0-0\" >\n<div class=\"so-widget-sow-editor so-widget-sow-editor-base\">\n<h3 class=\"widget-title\">Cont\u00e1ctenos para una propuesta r\u00e1pida<\/h3>\n<div class=\"siteorigin-widget-tinymce textwidget\">\n\t<div role=\"form\" class=\"wpcf7\" id=\"wpcf7-f648-o1\" lang=\"en-US\" dir=\"ltr\">\n<div class=\"screen-reader-response\"><\/div>\n<form action=\"\/index.php?rest_route=%2Fwp%2Fv2%2Fpages%2F1004#wpcf7-f648-o1\" method=\"post\" class=\"wpcf7-form\" novalidate=\"novalidate\">\n<div style=\"display: none;\">\n<input type=\"hidden\" name=\"_wpcf7\" value=\"648\" \/>\n<input type=\"hidden\" name=\"_wpcf7_version\" value=\"5.0.1\" \/>\n<input type=\"hidden\" name=\"_wpcf7_locale\" value=\"en_US\" \/>\n<input type=\"hidden\" name=\"_wpcf7_unit_tag\" value=\"wpcf7-f648-o1\" \/>\n<input type=\"hidden\" name=\"_wpcf7_container_post\" value=\"0\" \/>\n<\/div>\n<p><label> Nombre (requerido)        <span class=\"wpcf7-form-control-wrap your-name\"><input type=\"text\" name=\"your-name\" value=\"\" size=\"40\" class=\"wpcf7-form-control wpcf7-text wpcf7-validates-as-required\" aria-required=\"true\" aria-invalid=\"false\" \/><\/span> <\/label><\/p>\n<p><label> Email.... (requerido)        <span class=\"wpcf7-form-control-wrap your-email\"><input type=\"email\" name=\"your-email\" value=\"\" size=\"40\" class=\"wpcf7-form-control wpcf7-text wpcf7-email wpcf7-validates-as-required wpcf7-validates-as-email\" aria-required=\"true\" aria-invalid=\"false\" \/><\/span> <\/label><\/p>\n<p><label> Tel\u00e9fono______________<span class=\"wpcf7-form-control-wrap your-subject\"><input type=\"text\" name=\"your-subject\" value=\"\" size=\"40\" class=\"wpcf7-form-control wpcf7-text\" aria-invalid=\"false\" \/><\/span> <\/label> <\/p>\n<p><label> Mensaje                   <span class=\"wpcf7-form-control-wrap your-message\"><textarea name=\"your-message\" cols=\"40\" rows=\"10\" class=\"wpcf7-form-control wpcf7-textarea\" aria-invalid=\"false\"><\/textarea><\/span> <\/label><\/p>\n<p><input type=\"submit\" value=\"Enviar\" class=\"wpcf7-form-control wpcf7-submit\" \/><\/p>\n<div class=\"wpcf7-response-output wpcf7-display-none\"><\/div><\/form><\/div><\/div>\n<\/div>\n<\/div>\n<\/div>\n<\/div>\n<\/div>\n<\/div>\n<\/div>\n","protected":false},"excerpt":{"rendered":"<p>Los proyectos WENERGY LEDminarias incluyen: &#8211; Dise\u00f1o de ingenier\u00eda eficiente para mejorar uso\/consumo y relaci\u00f3n lumen\/watt &#8211; Mas de 160 lumens por watt en cada luminaria. &#8211; Todos los controles DALI\/DMX* y accesorios. &#8211; Hasta 5 a\u00f1os de garant\u00eda en las luminarias. &#8211; Aplica Financiamiento (v\u00eda instituci\u00f3n bancaria) Productos LED Certificados Cont\u00e1ctenos para una propuesta [&hellip;]<\/p>\n","protected":false},"author":1,"featured_media":0,"parent":0,"menu_order":0,"comment_status":"closed","ping_status":"closed","template":"","meta":{"footnotes":""},"class_list":["post-1004","page","type-page","status-publish","hentry"],"_links":{"self":[{"href":"https:\/\/wenergysolar.com\/index.php?rest_route=\/wp\/v2\/pages\/1004","targetHints":{"allow":["GET"]}}],"collection":[{"href":"https:\/\/wenergysolar.com\/index.php?rest_route=\/wp\/v2\/pages"}],"about":[{"href":"https:\/\/wenergysolar.com\/index.php?rest_route=\/wp\/v2\/types\/page"}],"author":[{"embeddable":true,"href":"https:\/\/wenergysolar.com\/index.php?rest_route=\/wp\/v2\/users\/1"}],"replies":[{"embeddable":true,"href":"https:\/\/wenergysolar.com\/index.php?rest_route=%2Fwp%2Fv2%2Fcomments&post=1004"}],"version-history":[{"count":110,"href":"https:\/\/wenergysolar.com\/index.php?rest_route=\/wp\/v2\/pages\/1004\/revisions"}],"predecessor-version":[{"id":1129,"href":"https:\/\/wenergysolar.com\/index.php?rest_route=\/wp\/v2\/pages\/1004\/revisions\/1129"}],"wp:attachment":[{"href":"https:\/\/wenergysolar.com\/index.php?rest_route=%2Fwp%2Fv2%2Fmedia&parent=1004"}],"curies":[{"name":"wp","href":"https:\/\/api.w.org\/{rel}","templated":true}]}}